{"id":1035,"date":"2026-04-14T18:12:32","date_gmt":"2026-04-14T18:12:32","guid":{"rendered":"https:\/\/jardinbotanico.usac.edu.gt\/?page_id=1035"},"modified":"2026-04-14T18:15:23","modified_gmt":"2026-04-14T18:15:23","slug":"conoce-el-proyecto","status":"publish","type":"page","link":"https:\/\/jardinbotanico.usac.edu.gt\/?page_id=1035","title":{"rendered":"Conoce el proyecto&#8230;"},"content":{"rendered":"\n<div class=\"wp-block-columns is-layout-flex wp-container-core-columns-is-layout-9d6595d7 wp-block-columns-is-layout-flex\">\n<div class=\"wp-block-column is-layout-flow wp-block-column-is-layout-flow\" style=\"flex-basis:100%\">\n<p class=\"has-medium-font-size\"><\/p>\n\n\n\n<div class=\"wp-block-media-text has-media-on-the-right is-stacked-on-mobile\"><div class=\"wp-block-media-text__content\">\n<p class=\"has-medium-font-size\">Este proyecto aborda la necesidad de fortalecer la conservaci\u00f3n de la diversidad vegetal en Am\u00e9rica Latina. Su objetivo es mejorar el banco de semillas recientemente establecido en Bolivia, crear uno nuevo en Guatemala y optimizar las capacidades del banco de semillas de Colombia. Las actividades clave incluyen el desarrollo de capacidades y el intercambio de conocimientos entre estos bancos de semillas. Se crear\u00e1 una Red Colaborativa de Bancos de Semillas Nativas para impulsar los esfuerzos de conservaci\u00f3n vegetal mediante el intercambio de conocimientos con las comunidades locales, apoyando as\u00ed la restauraci\u00f3n ecol\u00f3gica y promoviendo medios de vida sostenibles en la regi\u00f3n.<\/p>\n\n\n\n<p>Foto: Bi\u00f3logos Ana Carolina Rosales de Zea, Javier Rivas y Vivian Ochoa, responsables del proyecto en Guatemala<\/p>\n<\/div><figure class=\"wp-block-media-text__media\"><img loading=\"lazy\" decoding=\"async\" width=\"656\" height=\"731\" src=\"https:\/\/jardinbotanico.usac.edu.gt\/wp-content\/uploads\/2026\/04\/WhatsApp-Image-2026-04-14-at-12.05.16-PM-copia.jpeg\" alt=\"\" class=\"wp-image-1039 size-full\" srcset=\"https:\/\/jardinbotanico.usac.edu.gt\/wp-content\/uploads\/2026\/04\/WhatsApp-Image-2026-04-14-at-12.05.16-PM-copia.jpeg 656w, https:\/\/jardinbotanico.usac.edu.gt\/wp-content\/uploads\/2026\/04\/WhatsApp-Image-2026-04-14-at-12.05.16-PM-copia-269x300.jpeg 269w\" sizes=\"auto, (max-width: 656px) 100vw, 656px\" \/><\/figure><\/div>\n<\/div>\n<\/div>\n\n\n\n<p class=\"has-medium-font-size\">L\u00edder del Proyecto: Noelia \u00c1lvarez de Rom\u00e1n; Organizaci\u00f3n L\u00edder: Botanic Gardens Conservation International (BGCI); Socios del Proyecto:<br>Instituto de Investigaciones en Recursos Biol\u00f3gicos Alexander von Humboldt (Instituto Humboldt), Jard\u00edn Bot\u00e1nico de Bogot\u00e1, Jard\u00edn Bot\u00e1nico CECON_USAC, Herbario Nacional de Bolivia<br>Sitio Web  https:\/\/www.bgci.org\/<br>Regiones: Am\u00e9rica del Sur, Am\u00e9rica Central<br>Pa\u00edses: Guatemala, Colombia, Bolivia<\/p>\n\n\n\n<p><\/p>\n","protected":false},"excerpt":{"rendered":"<p>Este proyecto aborda la necesidad de fortalecer la conservaci\u00f3n de la diversidad vegetal en Am\u00e9rica Latina. Su objetivo es mejorar el banco de semillas recientemente establecido en Bolivia, crear uno nuevo en Guatemala y optimizar las capacidades del banco de semillas de Colombia. Las actividades clave incluyen el desarrollo de capacidades y el intercambio de [&hellip;]<\/p>\n","protected":false},"author":101028,"featured_media":0,"parent":0,"menu_order":0,"comment_status":"closed","ping_status":"closed","template":"","meta":{"footnotes":""},"class_list":["post-1035","page","type-page","status-publish","czr-hentry"],"_links":{"self":[{"href":"https:\/\/jardinbotanico.usac.edu.gt\/index.php?rest_route=\/wp\/v2\/pages\/1035","targetHints":{"allow":["GET"]}}],"collection":[{"href":"https:\/\/jardinbotanico.usac.edu.gt\/index.php?rest_route=\/wp\/v2\/pages"}],"about":[{"href":"https:\/\/jardinbotanico.usac.edu.gt\/index.php?rest_route=\/wp\/v2\/types\/page"}],"author":[{"embeddable":true,"href":"https:\/\/jardinbotanico.usac.edu.gt\/index.php?rest_route=\/wp\/v2\/users\/101028"}],"replies":[{"embeddable":true,"href":"https:\/\/jardinbotanico.usac.edu.gt\/index.php?rest_route=%2Fwp%2Fv2%2Fcomments&post=1035"}],"version-history":[{"count":3,"href":"https:\/\/jardinbotanico.usac.edu.gt\/index.php?rest_route=\/wp\/v2\/pages\/1035\/revisions"}],"predecessor-version":[{"id":1042,"href":"https:\/\/jardinbotanico.usac.edu.gt\/index.php?rest_route=\/wp\/v2\/pages\/1035\/revisions\/1042"}],"wp:attachment":[{"href":"https:\/\/jardinbotanico.usac.edu.gt\/index.php?rest_route=%2Fwp%2Fv2%2Fmedia&parent=1035"}],"curies":[{"name":"wp","href":"https:\/\/api.w.org\/{rel}","templated":true}]}}