{"id":307,"date":"2014-01-22T22:55:10","date_gmt":"2014-01-22T22:55:10","guid":{"rendered":"http:\/\/c3.usac.edu.gt\/jardinbotanico.usac.edu.gt\/public_html\/?page_id=307"},"modified":"2021-04-15T14:24:46","modified_gmt":"2021-04-15T14:24:46","slug":"servicios","status":"publish","type":"page","link":"https:\/\/jardinbotanico.usac.edu.gt\/?page_id=307","title":{"rendered":"Servicios"},"content":{"rendered":"\n<ul class=\"has-black-color has-white-background-color has-text-color has-background has-medium-font-size wp-block-list\"><li><em><span style=\"color: #808000;\">\u00a0<\/span><\/em><span style=\"color: #808000;\">Consulta de espec\u00edmenes de las colecciones bot\u00e1nicas.<\/span><\/li><li><span style=\"color: #808000;\">Consulta de espec\u00edmenes de las colecciones de semillas.<\/span><\/li><li><span style=\"color: #808000;\">Consulta de espec\u00edmenes de las colecciones del Jard\u00edn Bot\u00e1nico.<\/span><\/li><li><span style=\"color: #808000;\">Colecta de muestras de las colecciones del Jard\u00edn Bot\u00e1nico.<\/span><\/li><li><span style=\"color: #808000;\">Consulta de las bases de datos.<\/span><\/li><li><span style=\"color: #808000;\">Consulta de la colecci\u00f3n de referencias bibliogr\u00e1ficas.<\/span><\/li><li><span style=\"color: #808000;\">Secado y cuarentena de espec\u00edmenes bot\u00e1nicos.<\/span><\/li><li><span style=\"color: #808000;\">Determinaci\u00f3n taxon\u00f3mica.<\/span><\/li><li><span style=\"color: #808000;\">Pr\u00e9stamo e intercambio de ejemplares con herbarios nacionales y extranjeros.<\/span><\/li><li><span style=\"color: #808000;\">Atenci\u00f3n y asesor\u00eda a estudiantes, investigadores y p\u00fablico en general.<\/span><\/li><li><span style=\"color: #808000;\">Docencia, extensi\u00f3n y divulgaci\u00f3n de informaci\u00f3n.<\/span><\/li><li><span style=\"color: #808000;\">Visitas guiadas en el Jard\u00edn Bot\u00e1nico.<\/span><\/li><li><span style=\"color: #808000;\">Uso de infraestructura para actividades de docencia, investigaci\u00f3n y divulgaci\u00f3n.<\/span><\/li><\/ul>\n","protected":false},"excerpt":{"rendered":"<p>\u00a0Consulta de espec\u00edmenes de las colecciones bot\u00e1nicas. Consulta de espec\u00edmenes de las colecciones de semillas. Consulta de espec\u00edmenes de las colecciones del Jard\u00edn Bot\u00e1nico. Colecta de muestras de las colecciones del Jard\u00edn Bot\u00e1nico. Consulta de las bases de datos. Consulta de la colecci\u00f3n de referencias bibliogr\u00e1ficas. Secado y cuarentena de espec\u00edmenes bot\u00e1nicos. Determinaci\u00f3n taxon\u00f3mica. Pr\u00e9stamo [&hellip;]<\/p>\n","protected":false},"author":1,"featured_media":716,"parent":0,"menu_order":6,"comment_status":"open","ping_status":"open","template":"","meta":{"footnotes":""},"class_list":["post-307","page","type-page","status-publish","has-post-thumbnail","czr-hentry"],"_links":{"self":[{"href":"https:\/\/jardinbotanico.usac.edu.gt\/index.php?rest_route=\/wp\/v2\/pages\/307","targetHints":{"allow":["GET"]}}],"collection":[{"href":"https:\/\/jardinbotanico.usac.edu.gt\/index.php?rest_route=\/wp\/v2\/pages"}],"about":[{"href":"https:\/\/jardinbotanico.usac.edu.gt\/index.php?rest_route=\/wp\/v2\/types\/page"}],"author":[{"embeddable":true,"href":"https:\/\/jardinbotanico.usac.edu.gt\/index.php?rest_route=\/wp\/v2\/users\/1"}],"replies":[{"embeddable":true,"href":"https:\/\/jardinbotanico.usac.edu.gt\/index.php?rest_route=%2Fwp%2Fv2%2Fcomments&post=307"}],"version-history":[{"count":8,"href":"https:\/\/jardinbotanico.usac.edu.gt\/index.php?rest_route=\/wp\/v2\/pages\/307\/revisions"}],"predecessor-version":[{"id":717,"href":"https:\/\/jardinbotanico.usac.edu.gt\/index.php?rest_route=\/wp\/v2\/pages\/307\/revisions\/717"}],"wp:featuredmedia":[{"embeddable":true,"href":"https:\/\/jardinbotanico.usac.edu.gt\/index.php?rest_route=\/wp\/v2\/media\/716"}],"wp:attachment":[{"href":"https:\/\/jardinbotanico.usac.edu.gt\/index.php?rest_route=%2Fwp%2Fv2%2Fmedia&parent=307"}],"curies":[{"name":"wp","href":"https:\/\/api.w.org\/{rel}","templated":true}]}}