{"id":326,"date":"2014-02-06T22:22:51","date_gmt":"2014-02-06T22:22:51","guid":{"rendered":"http:\/\/c3.usac.edu.gt\/jardinbotanico.usac.edu.gt\/public_html\/?page_id=326"},"modified":"2024-01-19T22:15:09","modified_gmt":"2024-01-19T22:15:09","slug":"objetivos","status":"publish","type":"page","link":"https:\/\/jardinbotanico.usac.edu.gt\/?page_id=326","title":{"rendered":"Objetivos"},"content":{"rendered":"\n<div class=\"wp-block-group has-large-font-size\"><div class=\"wp-block-group__inner-container is-layout-constrained wp-block-group-is-layout-constrained\">\n<div class=\"wp-block-columns is-layout-flex wp-container-core-columns-is-layout-9d6595d7 wp-block-columns-is-layout-flex\">\n<div class=\"wp-block-column is-layout-flow wp-block-column-is-layout-flow\" style=\"flex-basis:100%\">\n<ul class=\"wp-block-list\"><\/ul>\n<\/div>\n<\/div>\n\n\n\n<div class=\"wp-block-media-text is-stacked-on-mobile has-black-color has-white-background-color has-text-color has-background\" style=\"font-size:44px;grid-template-columns:42% auto\"><figure class=\"wp-block-media-text__media\"><img loading=\"lazy\" decoding=\"async\" width=\"1024\" height=\"685\" src=\"http:\/\/jardinbotanico.usac.edu.gt\/wp-content\/uploads\/2021\/04\/DSC_0032-1024x685.jpg\" alt=\"\" class=\"wp-image-658 size-full\" srcset=\"https:\/\/jardinbotanico.usac.edu.gt\/wp-content\/uploads\/2021\/04\/DSC_0032-1024x685.jpg 1024w, https:\/\/jardinbotanico.usac.edu.gt\/wp-content\/uploads\/2021\/04\/DSC_0032-300x201.jpg 300w, https:\/\/jardinbotanico.usac.edu.gt\/wp-content\/uploads\/2021\/04\/DSC_0032-768x514.jpg 768w, https:\/\/jardinbotanico.usac.edu.gt\/wp-content\/uploads\/2021\/04\/DSC_0032-1536x1028.jpg 1536w, https:\/\/jardinbotanico.usac.edu.gt\/wp-content\/uploads\/2021\/04\/DSC_0032-2048x1371.jpg 2048w\" sizes=\"auto, (max-width: 1024px) 100vw, 1024px\" \/><\/figure><div class=\"wp-block-media-text__content\">\n<p class=\"has-medium-font-size\"><span style=\"color: #000000;\">Llevar a cabo investigaci\u00f3n sobre la flora de Guatemala con enfoque conservacionista.<\/span><\/p>\n\n\n\n<p class=\"has-medium-font-size\"><span style=\"color: #000000;\">Difundir conocimientos bot\u00e1nicos, en especial de plantas nativas.<\/span><\/p>\n\n\n\n<p class=\"has-medium-font-size\"><span style=\"color: #000000;\">Coleccionar, estudiar y propagar las especies vegetales, con \u00e9nfasis en plantas amenazadas o en peligro de extinci\u00f3n en Guatemala.<\/span><\/p>\n\n\n\n<p class=\"has-medium-font-size\"><span style=\"color: #000000;\">Servir de apoyo a la ense\u00f1anza de bot\u00e1nica y ciencias afines en todos los niveles educativos y al p\u00fablico en general.<\/span><\/p>\n\n\n\n<p class=\"has-medium-font-size\"><span style=\"color: #000000;\">Servir de apoyo a estudiantes e investigaciones cient\u00edficas.<\/span><\/p>\n<\/div><\/div>\n<\/div><\/div>\n","protected":false},"excerpt":{"rendered":"<p>Llevar a cabo investigaci\u00f3n sobre la flora de Guatemala con enfoque conservacionista. Difundir conocimientos bot\u00e1nicos, en especial de plantas nativas. Coleccionar, estudiar y propagar las especies vegetales, con \u00e9nfasis en plantas amenazadas o en peligro de extinci\u00f3n en Guatemala. Servir de apoyo a la ense\u00f1anza de bot\u00e1nica y ciencias afines en todos los niveles educativos [&hellip;]<\/p>\n","protected":false},"author":1,"featured_media":660,"parent":19,"menu_order":2,"comment_status":"closed","ping_status":"open","template":"","meta":{"footnotes":""},"class_list":["post-326","page","type-page","status-publish","has-post-thumbnail","czr-hentry"],"_links":{"self":[{"href":"https:\/\/jardinbotanico.usac.edu.gt\/index.php?rest_route=\/wp\/v2\/pages\/326","targetHints":{"allow":["GET"]}}],"collection":[{"href":"https:\/\/jardinbotanico.usac.edu.gt\/index.php?rest_route=\/wp\/v2\/pages"}],"about":[{"href":"https:\/\/jardinbotanico.usac.edu.gt\/index.php?rest_route=\/wp\/v2\/types\/page"}],"author":[{"embeddable":true,"href":"https:\/\/jardinbotanico.usac.edu.gt\/index.php?rest_route=\/wp\/v2\/users\/1"}],"replies":[{"embeddable":true,"href":"https:\/\/jardinbotanico.usac.edu.gt\/index.php?rest_route=%2Fwp%2Fv2%2Fcomments&post=326"}],"version-history":[{"count":10,"href":"https:\/\/jardinbotanico.usac.edu.gt\/index.php?rest_route=\/wp\/v2\/pages\/326\/revisions"}],"predecessor-version":[{"id":919,"href":"https:\/\/jardinbotanico.usac.edu.gt\/index.php?rest_route=\/wp\/v2\/pages\/326\/revisions\/919"}],"up":[{"embeddable":true,"href":"https:\/\/jardinbotanico.usac.edu.gt\/index.php?rest_route=\/wp\/v2\/pages\/19"}],"wp:featuredmedia":[{"embeddable":true,"href":"https:\/\/jardinbotanico.usac.edu.gt\/index.php?rest_route=\/wp\/v2\/media\/660"}],"wp:attachment":[{"href":"https:\/\/jardinbotanico.usac.edu.gt\/index.php?rest_route=%2Fwp%2Fv2%2Fmedia&parent=326"}],"curies":[{"name":"wp","href":"https:\/\/api.w.org\/{rel}","templated":true}]}}