{"id":334,"date":"2014-02-06T22:29:58","date_gmt":"2014-02-06T22:29:58","guid":{"rendered":"http:\/\/c3.usac.edu.gt\/jardinbotanico.usac.edu.gt\/public_html\/?page_id=334"},"modified":"2021-05-05T15:54:45","modified_gmt":"2021-05-05T15:54:45","slug":"lineas-de-investigacion","status":"publish","type":"page","link":"https:\/\/jardinbotanico.usac.edu.gt\/?page_id=334","title":{"rendered":"L\u00edneas de investigaci\u00f3n"},"content":{"rendered":"\n<p><\/p>\n\n\n\n<div class=\"wp-block-image\"><figure class=\"alignright size-large is-resized\"><a href=\"http:\/\/jardinbotanico.usac.edu.gt\/wp-content\/uploads\/2021\/04\/DSC_0017-scaled.jpg\"><img loading=\"lazy\" decoding=\"async\" src=\"http:\/\/jardinbotanico.usac.edu.gt\/wp-content\/uploads\/2021\/04\/DSC_0017-683x1024.jpg\" alt=\"\" class=\"wp-image-797\" width=\"246\" height=\"369\" srcset=\"https:\/\/jardinbotanico.usac.edu.gt\/wp-content\/uploads\/2021\/04\/DSC_0017-683x1024.jpg 683w, https:\/\/jardinbotanico.usac.edu.gt\/wp-content\/uploads\/2021\/04\/DSC_0017-200x300.jpg 200w, https:\/\/jardinbotanico.usac.edu.gt\/wp-content\/uploads\/2021\/04\/DSC_0017-768x1152.jpg 768w, https:\/\/jardinbotanico.usac.edu.gt\/wp-content\/uploads\/2021\/04\/DSC_0017-1024x1536.jpg 1024w, https:\/\/jardinbotanico.usac.edu.gt\/wp-content\/uploads\/2021\/04\/DSC_0017-1365x2048.jpg 1365w, https:\/\/jardinbotanico.usac.edu.gt\/wp-content\/uploads\/2021\/04\/DSC_0017-scaled.jpg 1707w\" sizes=\"auto, (max-width: 246px) 100vw, 246px\" \/><\/a><\/figure><\/div>\n\n\n\n<h2 class=\"wp-block-heading\">1. Exploraci\u00f3n taxon\u00f3mica de Guatemala.<\/h2>\n\n\n\n<h2 class=\"wp-block-heading\">2. Investigaci\u00f3n ecol\u00f3gica y biogeogr\u00e1fica de la vegetaci\u00f3n de Guatemala.<\/h2>\n\n\n\n<h2 class=\"wp-block-heading\">3. Biolog\u00eda reproductiva de plantas nativas de Guatemala.<\/h2>\n\n\n\n<h2 class=\"wp-block-heading\">4. Estudio de la adaptaci\u00f3n, biolog\u00eda reproductiva y conservaci\u00f3n de las especies nativas de la colecci\u00f3n del Jard\u00edn Bot\u00e1nico.<\/h2>\n\n\n\n<div class=\"wp-block-group is-layout-flow wp-block-group-is-layout-flow\"><div class=\"wp-block-group__inner-container\"><\/div><\/div>\n","protected":false},"excerpt":{"rendered":"<p>1. Exploraci\u00f3n taxon\u00f3mica de Guatemala. 2. Investigaci\u00f3n ecol\u00f3gica y biogeogr\u00e1fica de la vegetaci\u00f3n de Guatemala. 3. Biolog\u00eda reproductiva de plantas nativas de Guatemala. 4. Estudio de la adaptaci\u00f3n, biolog\u00eda reproductiva y conservaci\u00f3n de las especies nativas de la colecci\u00f3n del Jard\u00edn Bot\u00e1nico.<\/p>\n","protected":false},"author":1,"featured_media":665,"parent":0,"menu_order":1,"comment_status":"open","ping_status":"open","template":"","meta":{"footnotes":""},"class_list":["post-334","page","type-page","status-publish","has-post-thumbnail","czr-hentry"],"_links":{"self":[{"href":"https:\/\/jardinbotanico.usac.edu.gt\/index.php?rest_route=\/wp\/v2\/pages\/334","targetHints":{"allow":["GET"]}}],"collection":[{"href":"https:\/\/jardinbotanico.usac.edu.gt\/index.php?rest_route=\/wp\/v2\/pages"}],"about":[{"href":"https:\/\/jardinbotanico.usac.edu.gt\/index.php?rest_route=\/wp\/v2\/types\/page"}],"author":[{"embeddable":true,"href":"https:\/\/jardinbotanico.usac.edu.gt\/index.php?rest_route=\/wp\/v2\/users\/1"}],"replies":[{"embeddable":true,"href":"https:\/\/jardinbotanico.usac.edu.gt\/index.php?rest_route=%2Fwp%2Fv2%2Fcomments&post=334"}],"version-history":[{"count":4,"href":"https:\/\/jardinbotanico.usac.edu.gt\/index.php?rest_route=\/wp\/v2\/pages\/334\/revisions"}],"predecessor-version":[{"id":825,"href":"https:\/\/jardinbotanico.usac.edu.gt\/index.php?rest_route=\/wp\/v2\/pages\/334\/revisions\/825"}],"wp:featuredmedia":[{"embeddable":true,"href":"https:\/\/jardinbotanico.usac.edu.gt\/index.php?rest_route=\/wp\/v2\/media\/665"}],"wp:attachment":[{"href":"https:\/\/jardinbotanico.usac.edu.gt\/index.php?rest_route=%2Fwp%2Fv2%2Fmedia&parent=334"}],"curies":[{"name":"wp","href":"https:\/\/api.w.org\/{rel}","templated":true}]}}