{"id":601,"date":"2021-04-08T17:32:53","date_gmt":"2021-04-08T17:32:53","guid":{"rendered":"http:\/\/jardinbotanico.usac.edu.gt\/?page_id=601"},"modified":"2024-03-19T18:22:00","modified_gmt":"2024-03-19T18:22:00","slug":"inicio","status":"publish","type":"page","link":"https:\/\/jardinbotanico.usac.edu.gt\/","title":{"rendered":"Inicio"},"content":{"rendered":"\n<p>El Jard\u00edn Bot\u00e1nico es una unidad especializada en el cultivo y mantenimiento de colecciones bot\u00e1nicas vivas (Jard\u00edn Bot\u00e1nico e Index Seminum) y mantenimiento de colecciones bot\u00e1nicas herborizadas (Herbario), donde se lleva a cabo la investigaci\u00f3n, conservaci\u00f3n y educaci\u00f3n.<\/p>\n\n\n\n<hr class=\"wp-block-separator has-alpha-channel-opacity\"\/>\n","protected":false},"excerpt":{"rendered":"<p>El Jard\u00edn Bot\u00e1nico es una unidad especializada en el cultivo y mantenimiento de colecciones bot\u00e1nicas vivas (Jard\u00edn Bot\u00e1nico e Index Seminum) y mantenimiento de colecciones bot\u00e1nicas herborizadas (Herbario), donde se lleva a cabo la investigaci\u00f3n, conservaci\u00f3n y educaci\u00f3n.<\/p>\n","protected":false},"author":1,"featured_media":0,"parent":0,"menu_order":0,"comment_status":"closed","ping_status":"closed","template":"","meta":{"footnotes":""},"class_list":["post-601","page","type-page","status-publish","czr-hentry"],"_links":{"self":[{"href":"https:\/\/jardinbotanico.usac.edu.gt\/index.php?rest_route=\/wp\/v2\/pages\/601","targetHints":{"allow":["GET"]}}],"collection":[{"href":"https:\/\/jardinbotanico.usac.edu.gt\/index.php?rest_route=\/wp\/v2\/pages"}],"about":[{"href":"https:\/\/jardinbotanico.usac.edu.gt\/index.php?rest_route=\/wp\/v2\/types\/page"}],"author":[{"embeddable":true,"href":"https:\/\/jardinbotanico.usac.edu.gt\/index.php?rest_route=\/wp\/v2\/users\/1"}],"replies":[{"embeddable":true,"href":"https:\/\/jardinbotanico.usac.edu.gt\/index.php?rest_route=%2Fwp%2Fv2%2Fcomments&post=601"}],"version-history":[{"count":9,"href":"https:\/\/jardinbotanico.usac.edu.gt\/index.php?rest_route=\/wp\/v2\/pages\/601\/revisions"}],"predecessor-version":[{"id":939,"href":"https:\/\/jardinbotanico.usac.edu.gt\/index.php?rest_route=\/wp\/v2\/pages\/601\/revisions\/939"}],"wp:attachment":[{"href":"https:\/\/jardinbotanico.usac.edu.gt\/index.php?rest_route=%2Fwp%2Fv2%2Fmedia&parent=601"}],"curies":[{"name":"wp","href":"https:\/\/api.w.org\/{rel}","templated":true}]}}