{"id":792,"date":"2021-04-20T18:43:01","date_gmt":"2021-04-20T18:43:01","guid":{"rendered":"http:\/\/jardinbotanico.usac.edu.gt\/?page_id=792"},"modified":"2021-05-14T17:18:18","modified_gmt":"2021-05-14T17:18:18","slug":"historia","status":"publish","type":"page","link":"https:\/\/jardinbotanico.usac.edu.gt\/?page_id=792","title":{"rendered":"HISTORIA"},"content":{"rendered":"\n<div class=\"wp-block-columns is-layout-flex wp-container-core-columns-is-layout-9d6595d7 wp-block-columns-is-layout-flex\">\n<div class=\"wp-block-column is-layout-flow wp-block-column-is-layout-flow\">\n<figure class=\"wp-block-image size-large\"><a href=\"http:\/\/jardinbotanico.usac.edu.gt\/wp-content\/uploads\/2021\/04\/thumbnail_20170306_091415.jpg\"><img loading=\"lazy\" decoding=\"async\" width=\"768\" height=\"1024\" src=\"http:\/\/jardinbotanico.usac.edu.gt\/wp-content\/uploads\/2021\/04\/thumbnail_20170306_091415-768x1024.jpg\" alt=\"\" class=\"wp-image-793\" srcset=\"https:\/\/jardinbotanico.usac.edu.gt\/wp-content\/uploads\/2021\/04\/thumbnail_20170306_091415-768x1024.jpg 768w, https:\/\/jardinbotanico.usac.edu.gt\/wp-content\/uploads\/2021\/04\/thumbnail_20170306_091415-225x300.jpg 225w, https:\/\/jardinbotanico.usac.edu.gt\/wp-content\/uploads\/2021\/04\/thumbnail_20170306_091415.jpg 960w\" sizes=\"auto, (max-width: 768px) 100vw, 768px\" \/><\/a><\/figure>\n<\/div>\n\n\n\n<div class=\"wp-block-column is-layout-flow wp-block-column-is-layout-flow\">\n<p>Se denomina con el nombre en lat\u00edn de <em><strong>Index Seminum<\/strong><\/em> (\u201cindice de semillas\u201d) a un cat\u00e1logo de semillas en formato 14,6 x 21 cm. (A5), que preparan los jardines bot\u00e1nicos con las semillas que tienen disponibles de las plantas que albergan, y que se ofrece anualmente a los jardines bot\u00e1nicos de todo el mundo, con la intenci\u00f3n de establecer un intercambio libre y gratuito.<\/p>\n\n\n\n<hr class=\"wp-block-separator has-text-color has-background has-vivid-cyan-blue-background-color has-vivid-cyan-blue-color is-style-wide\"\/>\n\n\n\n<p>En 1969 se edit\u00f3 el primer cat\u00e1logo para el Jard\u00edn Bot\u00e1nico-CECON, en el cual se mostraban datos generales del jard\u00edn bot\u00e1nico (coordenadas, temperatura promedio mensual, precipitaci\u00f3n promedio, y un listado de semillas y plantas disponibles para intercambio.&nbsp; Con un total de 120 ejemplares de 60 especies. Para el a\u00f1o 1977 se ofrec\u00edan 400 ejemplares de 275 especies.<\/p>\n\n\n\n<hr class=\"wp-block-separator has-text-color has-background has-vivid-cyan-blue-background-color has-vivid-cyan-blue-color is-style-wide\"\/>\n\n\n\n<p>Para el a\u00f1o 1978 se ten\u00eda contacto con 237 instituciones de 50 pa\u00edses. Pero desafortunadamente el \u00faltimo cat\u00e1logo e intercambio se realiz\u00f3 en 1995 debido a falta de fondos.<\/p>\n<\/div>\n<\/div>\n","protected":false},"excerpt":{"rendered":"<p>Se denomina con el nombre en lat\u00edn de Index Seminum (\u201cindice de semillas\u201d) a un cat\u00e1logo de semillas en formato 14,6 x 21 cm. (A5), que preparan los jardines bot\u00e1nicos con las semillas que tienen disponibles de las plantas que albergan, y que se ofrece anualmente a los jardines bot\u00e1nicos de todo el mundo, con [&hellip;]<\/p>\n","protected":false},"author":101028,"featured_media":0,"parent":153,"menu_order":0,"comment_status":"closed","ping_status":"closed","template":"","meta":{"footnotes":""},"class_list":["post-792","page","type-page","status-publish","czr-hentry"],"_links":{"self":[{"href":"https:\/\/jardinbotanico.usac.edu.gt\/index.php?rest_route=\/wp\/v2\/pages\/792","targetHints":{"allow":["GET"]}}],"collection":[{"href":"https:\/\/jardinbotanico.usac.edu.gt\/index.php?rest_route=\/wp\/v2\/pages"}],"about":[{"href":"https:\/\/jardinbotanico.usac.edu.gt\/index.php?rest_route=\/wp\/v2\/types\/page"}],"author":[{"embeddable":true,"href":"https:\/\/jardinbotanico.usac.edu.gt\/index.php?rest_route=\/wp\/v2\/users\/101028"}],"replies":[{"embeddable":true,"href":"https:\/\/jardinbotanico.usac.edu.gt\/index.php?rest_route=%2Fwp%2Fv2%2Fcomments&post=792"}],"version-history":[{"count":1,"href":"https:\/\/jardinbotanico.usac.edu.gt\/index.php?rest_route=\/wp\/v2\/pages\/792\/revisions"}],"predecessor-version":[{"id":794,"href":"https:\/\/jardinbotanico.usac.edu.gt\/index.php?rest_route=\/wp\/v2\/pages\/792\/revisions\/794"}],"up":[{"embeddable":true,"href":"https:\/\/jardinbotanico.usac.edu.gt\/index.php?rest_route=\/wp\/v2\/pages\/153"}],"wp:attachment":[{"href":"https:\/\/jardinbotanico.usac.edu.gt\/index.php?rest_route=%2Fwp%2Fv2%2Fmedia&parent=792"}],"curies":[{"name":"wp","href":"https:\/\/api.w.org\/{rel}","templated":true}]}}