{"id":796,"date":"2021-04-20T18:59:42","date_gmt":"2021-04-20T18:59:42","guid":{"rendered":"http:\/\/jardinbotanico.usac.edu.gt\/?page_id=796"},"modified":"2021-04-20T19:00:49","modified_gmt":"2021-04-20T19:00:49","slug":"la-coleccion","status":"publish","type":"page","link":"https:\/\/jardinbotanico.usac.edu.gt\/?page_id=796","title":{"rendered":"LA COLECCI\u00d3N"},"content":{"rendered":"\n<div class=\"wp-block-columns is-layout-flex wp-container-core-columns-is-layout-1 wp-block-columns-is-layout-flex\">\n<div class=\"wp-block-column is-layout-flow wp-block-column-is-layout-flow\">\n<p class=\"has-text-align-left\">En 2011 se arm\u00f3 una colecci\u00f3n de referencia morfol\u00f3gica con semillas colectadas dentro del Jard\u00edn Bot\u00e1nico desde los a\u00f1os 80, semillas provenientes de intercambios con otros jardines bot\u00e1nicos alrededor del mundo, y con semillas provenientes de proyectos de investigaci\u00f3n, las cuales no habian sido adecuadamente almacenadas por lo que ya no eran viables.<\/p>\n\n\n\n<p>La colecci\u00f3n cuenta hasta el momento con 2500 ejemplares de 939 especies de semillas.<\/p>\n\n\n\n<p>Dicha colecci\u00f3n cuenta con una base de datos hecha en el programa Excel, la cual se est\u00e1 trasladando al formato de BRAHMS (Botanical Research and Herbarium Management System) para tener la informaci\u00f3n m\u00e1s accesible para todos los usuarios, en donde se puede encontrar la siguiente informaci\u00f3n: N\u00famero de registro, N\u00famero de Colecta, Nombre Cient\u00edfico, Familia, Nombre Com\u00fan, H\u00e1bito, Distribuci\u00f3n mundial, Distribuci\u00f3n en Guatemala, Usos, Rango Altitudinal, Lugar de Colecta, Coordenadas, Fecha de Colecta, Colector, adem\u00e1s presenta Nombre del Proyecto y Autor, para las&nbsp; muestras provenientes de proyectos de investigaci\u00f3n.<\/p>\n\n\n\n<p>Para tener la colecci\u00f3n en \u00f3ptimas condiciones, todos los ejemplares pasaron por un proceso de curaci\u00f3n,&nbsp;el cual consiste en esterilizar con alcohol al 95% tanto los frascos de almacenamiento como a las semillas.<\/p>\n<\/div>\n<\/div>\n\n\n\n<figure class=\"wp-block-gallery columns-3 is-cropped wp-block-gallery-1 is-layout-flex wp-block-gallery-is-layout-flex\"><ul class=\"blocks-gallery-grid\"><li class=\"blocks-gallery-item\"><figure><a href=\"http:\/\/jardinbotanico.usac.edu.gt\/wp-content\/uploads\/2021\/04\/DSC_0017-scaled.jpg\"><img loading=\"lazy\" decoding=\"async\" width=\"683\" height=\"1024\" src=\"http:\/\/jardinbotanico.usac.edu.gt\/wp-content\/uploads\/2021\/04\/DSC_0017-683x1024.jpg\" alt=\"\" data-id=\"797\" data-full-url=\"http:\/\/jardinbotanico.usac.edu.gt\/wp-content\/uploads\/2021\/04\/DSC_0017-scaled.jpg\" data-link=\"http:\/\/jardinbotanico.usac.edu.gt\/?attachment_id=797\" class=\"wp-image-797\" srcset=\"https:\/\/jardinbotanico.usac.edu.gt\/wp-content\/uploads\/2021\/04\/DSC_0017-683x1024.jpg 683w, https:\/\/jardinbotanico.usac.edu.gt\/wp-content\/uploads\/2021\/04\/DSC_0017-200x300.jpg 200w, https:\/\/jardinbotanico.usac.edu.gt\/wp-content\/uploads\/2021\/04\/DSC_0017-768x1152.jpg 768w, https:\/\/jardinbotanico.usac.edu.gt\/wp-content\/uploads\/2021\/04\/DSC_0017-1024x1536.jpg 1024w, https:\/\/jardinbotanico.usac.edu.gt\/wp-content\/uploads\/2021\/04\/DSC_0017-1365x2048.jpg 1365w, https:\/\/jardinbotanico.usac.edu.gt\/wp-content\/uploads\/2021\/04\/DSC_0017-scaled.jpg 1707w\" sizes=\"(max-width: 683px) 100vw, 683px\" \/><\/a><\/figure><\/li><li class=\"blocks-gallery-item\"><figure><a href=\"http:\/\/jardinbotanico.usac.edu.gt\/wp-content\/uploads\/2021\/04\/DSC_0025-scaled.jpg\"><img loading=\"lazy\" decoding=\"async\" width=\"1024\" height=\"683\" src=\"http:\/\/jardinbotanico.usac.edu.gt\/wp-content\/uploads\/2021\/04\/DSC_0025-1024x683.jpg\" alt=\"\" data-id=\"798\" data-full-url=\"http:\/\/jardinbotanico.usac.edu.gt\/wp-content\/uploads\/2021\/04\/DSC_0025-scaled.jpg\" data-link=\"http:\/\/jardinbotanico.usac.edu.gt\/?attachment_id=798\" class=\"wp-image-798\" srcset=\"https:\/\/jardinbotanico.usac.edu.gt\/wp-content\/uploads\/2021\/04\/DSC_0025-1024x683.jpg 1024w, https:\/\/jardinbotanico.usac.edu.gt\/wp-content\/uploads\/2021\/04\/DSC_0025-300x200.jpg 300w, https:\/\/jardinbotanico.usac.edu.gt\/wp-content\/uploads\/2021\/04\/DSC_0025-768x512.jpg 768w, https:\/\/jardinbotanico.usac.edu.gt\/wp-content\/uploads\/2021\/04\/DSC_0025-1536x1024.jpg 1536w, https:\/\/jardinbotanico.usac.edu.gt\/wp-content\/uploads\/2021\/04\/DSC_0025-2048x1365.jpg 2048w\" sizes=\"(max-width: 1024px) 100vw, 1024px\" \/><\/a><\/figure><\/li><li class=\"blocks-gallery-item\"><figure><a href=\"http:\/\/jardinbotanico.usac.edu.gt\/wp-content\/uploads\/2021\/04\/DSC_0052-scaled.jpg\"><img loading=\"lazy\" decoding=\"async\" width=\"1024\" height=\"683\" src=\"http:\/\/jardinbotanico.usac.edu.gt\/wp-content\/uploads\/2021\/04\/DSC_0052-1024x683.jpg\" alt=\"\" data-id=\"799\" data-full-url=\"http:\/\/jardinbotanico.usac.edu.gt\/wp-content\/uploads\/2021\/04\/DSC_0052-scaled.jpg\" data-link=\"http:\/\/jardinbotanico.usac.edu.gt\/?attachment_id=799\" class=\"wp-image-799\" srcset=\"https:\/\/jardinbotanico.usac.edu.gt\/wp-content\/uploads\/2021\/04\/DSC_0052-1024x683.jpg 1024w, https:\/\/jardinbotanico.usac.edu.gt\/wp-content\/uploads\/2021\/04\/DSC_0052-300x200.jpg 300w, https:\/\/jardinbotanico.usac.edu.gt\/wp-content\/uploads\/2021\/04\/DSC_0052-768x512.jpg 768w, https:\/\/jardinbotanico.usac.edu.gt\/wp-content\/uploads\/2021\/04\/DSC_0052-1536x1024.jpg 1536w, https:\/\/jardinbotanico.usac.edu.gt\/wp-content\/uploads\/2021\/04\/DSC_0052-2048x1365.jpg 2048w\" sizes=\"(max-width: 1024px) 100vw, 1024px\" \/><\/a><\/figure><\/li><\/ul><\/figure>\n","protected":false},"excerpt":{"rendered":"<p>En 2011 se arm\u00f3 una colecci\u00f3n de referencia morfol\u00f3gica con semillas colectadas dentro del Jard\u00edn Bot\u00e1nico desde los a\u00f1os 80, semillas provenientes de intercambios con otros jardines bot\u00e1nicos alrededor del mundo, y con semillas provenientes de proyectos de investigaci\u00f3n, las cuales no habian sido adecuadamente almacenadas por lo que ya no eran viables. La colecci\u00f3n [&hellip;]<\/p>\n","protected":false},"author":101028,"featured_media":0,"parent":153,"menu_order":0,"comment_status":"closed","ping_status":"closed","template":"","meta":{"footnotes":""},"_links":{"self":[{"href":"https:\/\/jardinbotanico.usac.edu.gt\/index.php?rest_route=\/wp\/v2\/pages\/796"}],"collection":[{"href":"https:\/\/jardinbotanico.usac.edu.gt\/index.php?rest_route=\/wp\/v2\/pages"}],"about":[{"href":"https:\/\/jardinbotanico.usac.edu.gt\/index.php?rest_route=\/wp\/v2\/types\/page"}],"author":[{"embeddable":true,"href":"https:\/\/jardinbotanico.usac.edu.gt\/index.php?rest_route=\/wp\/v2\/users\/101028"}],"replies":[{"embeddable":true,"href":"https:\/\/jardinbotanico.usac.edu.gt\/index.php?rest_route=%2Fwp%2Fv2%2Fcomments&post=796"}],"version-history":[{"count":2,"href":"https:\/\/jardinbotanico.usac.edu.gt\/index.php?rest_route=\/wp\/v2\/pages\/796\/revisions"}],"predecessor-version":[{"id":801,"href":"https:\/\/jardinbotanico.usac.edu.gt\/index.php?rest_route=\/wp\/v2\/pages\/796\/revisions\/801"}],"up":[{"embeddable":true,"href":"https:\/\/jardinbotanico.usac.edu.gt\/index.php?rest_route=\/wp\/v2\/pages\/153"}],"wp:attachment":[{"href":"https:\/\/jardinbotanico.usac.edu.gt\/index.php?rest_route=%2Fwp%2Fv2%2Fmedia&parent=796"}],"curies":[{"name":"wp","href":"https:\/\/api.w.org\/{rel}","templated":true}]}}