{"id":828,"date":"2021-05-05T16:29:25","date_gmt":"2021-05-05T16:29:25","guid":{"rendered":"http:\/\/jardinbotanico.usac.edu.gt\/?page_id=828"},"modified":"2021-05-14T18:49:58","modified_gmt":"2021-05-14T18:49:58","slug":"historia","status":"publish","type":"page","link":"https:\/\/jardinbotanico.usac.edu.gt\/?page_id=828","title":{"rendered":"HISTORIA"},"content":{"rendered":"\n<p>El Herbario \u201c<em>Universidad de San Carlos de Guatemala\u201d<\/em>, registrado con el acr\u00f3nimo USCG en el&nbsp;<em>Index Herbariorum<\/em>, constituye junto con el Jard\u00edn Bot\u00e1nico y el&nbsp;<em>Index Seminum<\/em>&nbsp;una de las cuatro unidades de car\u00e1cter t\u00e9cnico-cient\u00edfico del Centro de Estudios Conservacionistas (CECON) de la Universidad de San Carlos de Guatemala. Es el Herbario m\u00e1s antiguo de Guatemala, fundado por el bot\u00e1nico guatemalteco Ulises Rojas en 1,923. El Herbario USCG se enfoca en la exploraci\u00f3n bot\u00e1nica del pa\u00eds, considerando aspectos referentes a la taxonom\u00eda, sistem\u00e1tica, ecolog\u00eda, biogeograf\u00eda, plantas \u00fatiles y etnobot\u00e1nica.<\/p>\n\n\n\n<h1 class=\"wp-block-heading\">Misi\u00f3n<\/h1>\n\n\n\n<p>El Herbario USCG tiene la misi\u00f3n de apoyar las estrategias del CECON por medio del fortalecimiento del conocimiento de la diversidad bot\u00e1nica del pa\u00eds, y trasladar a los estudiantes y a la poblaci\u00f3n en general los conocimientos necesarios que \u00e9ste genere para el desarrollo acad\u00e9mico y social del pa\u00eds.<\/p>\n\n\n\n<h1 class=\"wp-block-heading\">Visi\u00f3n<\/h1>\n\n\n\n<p>El Herbario USCG se vislumbra como la entidad l\u00edder en el resguardo de las colecciones bot\u00e1nicas procesadas de la diversidad vegetal del pa\u00eds, y en la generaci\u00f3n de conocimiento asociado a la misma.<\/p>\n\n\n\n<h1 class=\"wp-block-heading\">Objetivos<\/h1>\n\n\n\n<ul><li>Contribuir a la generaci\u00f3n de conocimiento de la diversidad vegetal del pa\u00eds para el desarrollo cient\u00edfico y social.<\/li><li>Constituir una colecci\u00f3n de referencia de la diversidad vegetal del pa\u00eds y de la regi\u00f3n.<\/li><li>Desarrollar&nbsp; investigaci\u00f3n cient\u00edfica sobre la diversidad vegetal, desde todos sus aspectos: taxon\u00f3mico, sistem\u00e1tico, ecol\u00f3gico, biogeogr\u00e1fico, etnobot\u00e1nico, conservaci\u00f3n, entre otros.<\/li><li>Promover la investigaci\u00f3n de tipo transdisciplinaria, intra e interinstitucional, relacionada con el manejo y la conservaci\u00f3n de la diversidad biol\u00f3gica.<\/li><li>Apoyar la formaci\u00f3n de estudiantes y profesionales como unidad de pr\u00e1ctica en donde se proporcione experiencias de docencia, servicio e&nbsp;investigaci\u00f3n relacionadas con la misi\u00f3n&nbsp; del Herbario.<\/li><\/ul>\n","protected":false},"excerpt":{"rendered":"<p>El Herbario \u201cUniversidad de San Carlos de Guatemala\u201d, registrado con el acr\u00f3nimo USCG en el&nbsp;Index Herbariorum, constituye junto con el Jard\u00edn Bot\u00e1nico y el&nbsp;Index Seminum&nbsp;una de las cuatro unidades de car\u00e1cter t\u00e9cnico-cient\u00edfico del Centro de Estudios Conservacionistas (CECON) de la Universidad de San Carlos de Guatemala. Es el Herbario m\u00e1s antiguo de Guatemala, fundado por [&hellip;]<\/p>\n","protected":false},"author":101028,"featured_media":0,"parent":771,"menu_order":0,"comment_status":"closed","ping_status":"closed","template":"","meta":{"footnotes":""},"_links":{"self":[{"href":"https:\/\/jardinbotanico.usac.edu.gt\/index.php?rest_route=\/wp\/v2\/pages\/828"}],"collection":[{"href":"https:\/\/jardinbotanico.usac.edu.gt\/index.php?rest_route=\/wp\/v2\/pages"}],"about":[{"href":"https:\/\/jardinbotanico.usac.edu.gt\/index.php?rest_route=\/wp\/v2\/types\/page"}],"author":[{"embeddable":true,"href":"https:\/\/jardinbotanico.usac.edu.gt\/index.php?rest_route=\/wp\/v2\/users\/101028"}],"replies":[{"embeddable":true,"href":"https:\/\/jardinbotanico.usac.edu.gt\/index.php?rest_route=%2Fwp%2Fv2%2Fcomments&post=828"}],"version-history":[{"count":4,"href":"https:\/\/jardinbotanico.usac.edu.gt\/index.php?rest_route=\/wp\/v2\/pages\/828\/revisions"}],"predecessor-version":[{"id":861,"href":"https:\/\/jardinbotanico.usac.edu.gt\/index.php?rest_route=\/wp\/v2\/pages\/828\/revisions\/861"}],"up":[{"embeddable":true,"href":"https:\/\/jardinbotanico.usac.edu.gt\/index.php?rest_route=\/wp\/v2\/pages\/771"}],"wp:attachment":[{"href":"https:\/\/jardinbotanico.usac.edu.gt\/index.php?rest_route=%2Fwp%2Fv2%2Fmedia&parent=828"}],"curies":[{"name":"wp","href":"https:\/\/api.w.org\/{rel}","templated":true}]}}